{"id":620,"date":"2018-03-14T02:25:12","date_gmt":"2018-03-14T02:25:12","guid":{"rendered":"https:\/\/casakembali.com\/it\/?page_id=620"},"modified":"2020-01-16T03:53:21","modified_gmt":"2020-01-16T03:53:21","slug":"la-casa","status":"publish","type":"page","link":"https:\/\/casakembali.com\/it\/la-casa\/","title":{"rendered":"La Casa"},"content":{"rendered":"<p>[vc_row][vc_column]<div class=\"title\"><h2 style=\"color:\" class=\"head-fancy\">Il<span> Soggiorno<\/span><\/h2><\/div>[\/vc_column][\/vc_row][vc_row][vc_column][\/vc_column][\/vc_row][vc_row][vc_column width=&#8221;1\/3&#8243;][vc_single_image image=&#8221;1082&#8243; img_size=&#8221;large&#8221; style=&#8221;vc_box_circle&#8221;][\/vc_column][vc_column width=&#8221;1\/3&#8243;][vc_single_image image=&#8221;1083&#8243; img_size=&#8221;large&#8221; style=&#8221;vc_box_circle&#8221;][\/vc_column][vc_column width=&#8221;1\/3&#8243;][vc_single_image image=&#8221;1084&#8243; img_size=&#8221;large&#8221; style=&#8221;vc_box_circle&#8221;][\/vc_column][\/vc_row][vc_row][vc_column][vc_column_text]Il living \u00e8 lo spazio di tutti noi, dove la famiglia si riunisce e si rilassa. Chi legge un libro, chi guarda la TV, chi si assopisce. \u00c9 anche lo spazio per ricevere gli ospiti e conversare amabilmente con una bibita o un buon caff\u00e9.\u00a0 Per questo motivo in Indonesiano \u00e8 chiamata sia <strong>ruang keluarga<\/strong>, spazio di famiglia, sia <strong>kamar tamu,<\/strong> stanza per gli ospiti.<\/p>\n<p>Prendete in prestito un libro dalla libreria nella lingua a voi pi\u00f9 consona e mettetevi a vostro agio, ascoltando i CD in dotazione e sentendovi semplicemente a casa![\/vc_column_text][\/vc_column][\/vc_row][vc_row][vc_column]<div class=\"title\"><h2 style=\"color:\" class=\"head-fancy\">La<span> Cucina<\/span><\/h2><\/div>[\/vc_column][\/vc_row][vc_row][vc_column width=&#8221;1\/3&#8243;][vc_single_image image=&#8221;1069&#8243; img_size=&#8221;large&#8221; alignment=&#8221;center&#8221; style=&#8221;vc_box_circle_2&#8243;][\/vc_column][vc_column width=&#8221;1\/3&#8243;][\/vc_column][vc_column width=&#8221;1\/3&#8243;][vc_single_image image=&#8221;1070&#8243; img_size=&#8221;large&#8221; alignment=&#8221;center&#8221; style=&#8221;vc_box_circle_2&#8243;][\/vc_column][\/vc_row][vc_row][vc_column][vc_column_text]Per il pranzo e la cena la cucina dotata di tutti i comfort \u00e8 a vostra completa disposizione. Potete pranzare all\u2019interno o nella veranda, entrambi i tavoli sono sufficientemente lunghi per accogliervi tutti![\/vc_column_text][\/vc_column][\/vc_row][vc_row][vc_column]<div class=\"title\"><h2 style=\"color:\" class=\"head-fancy\">Kamar Bintang,<span> La Stella<\/span><\/h2><\/div>[\/vc_column][\/vc_row][vc_row][vc_column width=&#8221;1\/3&#8243;][vc_single_image image=&#8221;1095&#8243; img_size=&#8221;large&#8221; style=&#8221;vc_box_circle_2&#8243;][\/vc_column][vc_column width=&#8221;1\/3&#8243;][vc_single_image image=&#8221;1072&#8243; img_size=&#8221;large&#8221; style=&#8221;vc_box_circle_2&#8243;][\/vc_column][vc_column width=&#8221;1\/3&#8243;][vc_single_image image=&#8221;1073&#8243; img_size=&#8221;large&#8221; style=&#8221;vc_box_circle_2&#8243;][\/vc_column][\/vc_row][vc_row][vc_column][vc_column_text]\u00c9 la camera pi\u00f9 gettonata delle tre essendo la pi\u00f9 spaziosa. Ha un ampio guardaroba, un grande \u00a0specchio e una nicchia con scrivania che pu\u00f2 diventare il luogo ideale per il vostro ufficio nomade.<\/p>\n<p>Il bagno privato ha una comoda vasca con circondata da piastrelle decorate con fiori rossi che sembrano stelle.<\/p>\n<p>Le dimensioni del materasso sono : 200 x 180 cm[\/vc_column_text][\/vc_column][\/vc_row][vc_row][vc_column]<div class=\"title\"><h2 style=\"color:\" class=\"head-fancy\">Kamar Manis,<span> La Dolce<\/span><\/h2><\/div>[\/vc_column][\/vc_row][vc_row][vc_column width=&#8221;1\/3&#8243;][vc_single_image image=&#8221;1075&#8243; img_size=&#8221;large&#8221; style=&#8221;vc_box_circle_2&#8243;][\/vc_column][vc_column width=&#8221;1\/3&#8243;][vc_single_image image=&#8221;1076&#8243; img_size=&#8221;large&#8221; style=&#8221;vc_box_circle_2&#8243;][\/vc_column][vc_column width=&#8221;1\/3&#8243;][vc_single_image image=&#8221;1077&#8243; img_size=&#8221;large&#8221; style=&#8221;vc_box_circle_2&#8243;][\/vc_column][\/vc_row][vc_row][vc_column][vc_column_text]Questa camera \u00e8 decisamente dolce! \u00a0\u201cManis\u201d significa anche carina, accogliente e intima: tutte queste cose! \u00c9 la camera ideale per una coppia affiatata ma lo \u00e8 anche per i genitori che vogliono dormire molto vicino ai bambini. Infatti questa stanza \u00e8 vicina a Kamar Senang con cui condivide un \u00a0piccolo e delizioso bagno.<\/p>\n<p>La finestra si affaccia sul giardino da cui riceve molta luce naturale.<\/p>\n<p>Le dimensioni del materasso sono : 200 x 160 cm[\/vc_column_text][\/vc_column][\/vc_row][vc_row][vc_column]<div class=\"title\"><h2 style=\"color:\" class=\"head-fancy\">Kamar Senang,<span> L\u2019 Allegra<\/span><\/h2><\/div>[\/vc_column][\/vc_row][vc_row][vc_column width=&#8221;1\/3&#8243;][vc_single_image image=&#8221;1078&#8243; img_size=&#8221;large&#8221; style=&#8221;vc_box_circle_2&#8243;][\/vc_column][vc_column width=&#8221;1\/3&#8243;][vc_single_image image=&#8221;1079&#8243; img_size=&#8221;large&#8221; style=&#8221;vc_box_circle_2&#8243;][\/vc_column][vc_column width=&#8221;1\/3&#8243;][vc_single_image image=&#8221;1080&#8243; img_size=&#8221;large&#8221; style=&#8221;vc_box_circle_2&#8243;][\/vc_column][\/vc_row][vc_row][vc_column][vc_column_text]Ecco la camera ideale per i bambini o ragazzi. Ha le pareti giallo sole e un grande geco multicolore appeso alla parete che tiene compagnia.\u00a0 Ha un armadio spazioso, giochi e libri in dotazione e una TV con DVD.<\/p>\n<p>Il letto \u00e8 singolo con un secondo letto estraibile basso, il bagno \u00e8 in condivisione con Kamar Manis e le due camere sono vicine ed isolate tramite una porta scorrevole dal resto della casa. Questo le rende perfette per una famiglia con bambini.<\/p>\n<p>Le dimensioni di entrambi i materassi sono: 200 x 90cm[\/vc_column_text][\/vc_column][\/vc_row][vc_row][vc_column]<div class=\"title\"><h2 style=\"color:\" class=\"head-fancy\"><span> La Veranda<\/span><\/h2><\/div>[\/vc_column][\/vc_row][vc_row][vc_column width=&#8221;1\/3&#8243;][\/vc_column][vc_column width=&#8221;1\/3&#8243;][vc_single_image image=&#8221;1081&#8243; img_size=&#8221;large&#8221; alignment=&#8221;center&#8221; style=&#8221;vc_box_circle_2&#8243;][\/vc_column][vc_column width=&#8221;1\/3&#8243;][\/vc_column][\/vc_row][vc_row][vc_column][vc_column_text]La veranda \u00e8 il luogo pi\u00f9 adatto per sorseggiare l\u2019aperitivo in attesa del tramonto, ma \u00e8 anche il luogo idele per consumare i pasti davanti ad un panorama semplicemente unico. Provare per credere.[\/vc_column_text][\/vc_column][\/vc_row]<\/p>\n","protected":false},"excerpt":{"rendered":"<p>[vc_row][vc_column][\/vc_column][\/vc_row][vc_row][vc_column][\/vc_column][\/vc_row][vc_row][vc_column width=&#8221;1\/3&#8243;][vc_single_image image=&#8221;1082&#8243; img_size=&#8221;large&#8221; style=&#8221;vc_box_circle&#8221;][\/vc_column][vc_column width=&#8221;1\/3&#8243;][vc_single_image image=&#8221;1083&#8243; img_size=&#8221;large&#8221; style=&#8221;vc_box_circle&#8221;][\/vc_column][vc_column width=&#8221;1\/3&#8243;][vc_single_image image=&#8221;1084&#8243; img_size=&#8221;large&#8221; style=&#8221;vc_box_circle&#8221;][\/vc_column][\/vc_row][vc_row][vc_column][vc_column_text]Il living \u00e8 lo spazio di tutti noi, dove la famiglia si riunisce e si rilassa. Chi legge un libro, chi guarda la TV, chi si assopisce. \u00c9 anche lo spazio per ricevere gli ospiti e conversare amabilmente con una bibita o un [&hellip;]<\/p>\n","protected":false},"author":1,"featured_media":0,"parent":0,"menu_order":0,"comment_status":"closed","ping_status":"closed","template":"","meta":[],"_links":{"self":[{"href":"https:\/\/casakembali.com\/it\/wp-json\/wp\/v2\/pages\/620"}],"collection":[{"href":"https:\/\/casakembali.com\/it\/wp-json\/wp\/v2\/pages"}],"about":[{"href":"https:\/\/casakembali.com\/it\/wp-json\/wp\/v2\/types\/page"}],"author":[{"embeddable":true,"href":"https:\/\/casakembali.com\/it\/wp-json\/wp\/v2\/users\/1"}],"replies":[{"embeddable":true,"href":"https:\/\/casakembali.com\/it\/wp-json\/wp\/v2\/comments?post=620"}],"version-history":[{"count":14,"href":"https:\/\/casakembali.com\/it\/wp-json\/wp\/v2\/pages\/620\/revisions"}],"predecessor-version":[{"id":1126,"href":"https:\/\/casakembali.com\/it\/wp-json\/wp\/v2\/pages\/620\/revisions\/1126"}],"wp:attachment":[{"href":"https:\/\/casakembali.com\/it\/wp-json\/wp\/v2\/media?parent=620"}],"curies":[{"name":"wp","href":"https:\/\/api.w.org\/{rel}","templated":true}]}}