{"id":622,"date":"2018-03-14T02:25:53","date_gmt":"2018-03-14T02:25:53","guid":{"rendered":"https:\/\/casakembali.com\/it\/?page_id=622"},"modified":"2018-03-15T06:24:15","modified_gmt":"2018-03-15T06:24:15","slug":"esperienze","status":"publish","type":"page","link":"https:\/\/casakembali.com\/it\/esperienze\/","title":{"rendered":"Esperienze"},"content":{"rendered":"<p>[vc_row][vc_column]<div class=\"title\"><h2 style=\"color:\" class=\"head-fancy\"><span> Attivit\u00e0<\/span><\/h2><\/div>[\/vc_column][\/vc_row][vc_row][vc_column][vc_column_text]Nei dintorni troverete tutto il necessario per organizzare una vacanza memorabile.<\/p>\n<p>Potete scegliere di fare passeggiate e trekking tra i vigneti, di esplorare la zona in bicicletta o in moto, di giocare a calcio o a tennis nel campo situato nelle vicinanze, di fare una nuotata nelle piscine comunali del circondario, di rilassarvi nella Spa della vicina Mombaruzzo o di approfittare dei bagni termali di Acqui Terme.<\/p>\n<p>Se avete voglia di fare shopping fate un salto ad Aqui Terme, Asti, Nizza, Torino o al famoso Outlet di Serravalle, a soli 40 minuti da noi.<\/p>\n<p>Per scoprire i segreti della cucina tradizionale invece concedetevi una pausa nei numerosi ristoranti, taverne o enoteche della zona.<\/p>\n<p>A Casa Kembali troverai informazioni supplementari, perch\u00e9 il territorio offre molte attrative in ogni stagione dell\u2019anno.<\/p>\n<p>Nel frattempo potete dare\u00a0 un\u2019occhiata a questa piccola guida: <a href=\"https:\/\/casakembali.com\/it\/wp-content\/uploads\/2018\/03\/GUIDA-AL-TERRITORIO-DELLA-PROVINCIA-DI-ASTI.pdf\" target=\"_blank\" rel=\"noopener\">(GUIDA AL TERRITORIO TRA LANGHE E MONFERRATO<\/a>)[\/vc_column_text][\/vc_column][\/vc_row][vc_row][vc_column]<div class=\"title\"><h2 style=\"color:\" class=\"head-fancy\"><span> Tours<\/span><\/h2><\/div>[\/vc_column][\/vc_row][vc_row][vc_column][vc_column_text]Vedere, sentire, toccare e assaporare l&#8217;autentica arte, cultura e bellezza naturale del nostro territorio \u00e8 l&#8217;unico modo per entrare nella pelle del vero Monferrato.<\/p>\n<p>Lontano dalla folla, il Monferrato \u00e8 tutto da scoprire, non necessariamente come alternativa alle Langhe, ma perch\u00e9 no, insieme a loro, in modo da poter notare le caratteristiche che contraddistinguono questi due territori, cos\u00ec vicini ma anche cos\u00ec diversi.<\/p>\n<p>Dopo aver scoperto i segreti di <strong>Fontanile<\/strong> e della sua chiesa di San Giovanni Battista, non potete perdervi:<\/p>\n<p>&#8211; Il tour panoramico delle <strong>26 panchine giganti<\/strong> situate nel Monferrato, nelle Langhe e nel Roero: vi sentirete dei lillipuziani che contemplano le meraviglie della natura.<\/p>\n<p>&#8211; La visita alle <strong>cattedrali sotterranee di Canelli<\/strong>, patrimonio mondiale dell&#8217;UNESCO, <strong>cantine uniche <\/strong>che si muovono sotto l&#8217;intera citt\u00e0 per circa 20 km e scompaiono su diversi livelli nelle viscere delle colline (fino a 32 metri sotto terra) creando scenari davvero suggestivi: un vero capolavoro di ingegneria ed architettura.<\/p>\n<p>&#8211; <strong>La strada del vino del Monferrato<\/strong>: \u00e8 organizzata in quattro aree tematiche intersecate da otto diverse rotte, che possono essere trovate sul sito ufficiale della Strada del Vino. Segui questo magico cammino attraverso vigneti e foreste, campi e castelli e perditi attraverso secoli di storia e architettura. Non dimenticare che il Monferrato \u00e8 la terra della &#8220;Signora in Rosso&#8221;, il pi\u00f9 popolare dei vini piemontesi, la Barbera.<\/p>\n<p>&#8211; Una visita alle distillerie Berta con il suo <strong>Museo della Grappa<\/strong>, dove puoi sentire la passione di questa antica professione unica.<\/p>\n<p>&#8211; Una visita al <strong>laboratorio di un vicino apicoltore<\/strong> per assaggiare il miele che produce.<\/p>\n<p>&#8211; Un tour dei numerosi <strong>castelli<\/strong> attorno all&#8217;area.<\/p>\n<p>&#8211; Una giornata nelle <strong>Langhe<\/strong>: siamo a soli 40 minuti da questa regione conosciuta in tutto il mondo per gli splendidi paesaggi e per le citt\u00e0 di Alba, Barolo, La Morra, Monforte D&#8217;Alba, Grinzane Cavour.<\/p>\n<p>&#8211; Una visita alle <strong>citt\u00e0 storiche<\/strong> di Asti, Nizza Monferrato, Acqui Terme ed Alessandria.<\/p>\n<p>&#8211; Un giro nei <strong>mercatini della domenica<\/strong> e nelle fiere dell&#8217;antiquariato: a Casale Monferrato la seconda domenica di ogni mese, a Nizza Monferrato la terza, ad Asti la quarta.<\/p>\n<p>&#8211; Una visita a <strong>Torino<\/strong>, la prima capitale d&#8217;Italia dal 1861 al 1865 con la sua architettura rinascimentale, barocca e neoclassica, le sue piazze spettacolari, i castelli, i giardini e gli eleganti palazzi. Questa splendida citt\u00e0 merita pi\u00f9 di una visita. Non mancate di\u00a0 visitare la Mole Antonelliana con il suo Museo del Cinema, la Reggia di Venaria e il\u00a0 Museo Egizio, secondo per importanza dopo il Cairo.<\/p>\n<p>&#8211; Una visita a <strong>Genova<\/strong>, con il porto, l&#8217;Acquario e i suoi splendidi edifici. Per scoprire il fascino di questa antica citt\u00e0 bisogna camminare a piedi ed addentrarsi nei <strong>\u201ccaruggi\u201d<\/strong>, i pittoreschi vicoli di origine medievale, e nelle caratteristiche <strong>\u201ccreuze\u201d<\/strong>, stradine strette incassate tra i muri, perdersi tra le belle vie fiancheggiate da nobili palazzi e le piazzette armoniose (Piazza delle Erbe, Piazza San Donato) su cui si affacciano chiese antiche (San Donato, San Matteo).[\/vc_column_text][\/vc_column][\/vc_row][vc_row][vc_column]<div class=\"title\"><h2 style=\"color:\" class=\"head-fancy\"><span> Eventi<\/span><\/h2><\/div>[\/vc_column][\/vc_row][vc_row][vc_column][vc_column_text]Molti eventi si svolgono nella regione, eccone alcuni ma ce ne sono molti di pi\u00f9! Ve li comunicheremo a seconda del periodo in cui sarete ospiti di Casa Kembali.<\/p>\n<ol>\n<li>L&#8217;ASSEDIO DI CANELLI a giugno<\/li>\n<li>Festival musicale e culturale COLLISIONI a Barolo, a luglio<\/li>\n<li>La CORSA DEI BARILI a Nizza Monferrato, a giugno<\/li>\n<li>Il PALIO DI ASTI a settembre<\/li>\n<li>La DOUJA D&#8217;OR ad Asti a settembre<\/li>\n<li>La FESTA DEI FESTIVAL ad Acqui Terme, a settembre<\/li>\n<\/ol>\n<p>[\/vc_column_text][\/vc_column][\/vc_row]<\/p>\n","protected":false},"excerpt":{"rendered":"<p>[vc_row][vc_column][\/vc_column][\/vc_row][vc_row][vc_column][vc_column_text]Nei dintorni troverete tutto il necessario per organizzare una vacanza memorabile. Potete scegliere di fare passeggiate e trekking tra i vigneti, di esplorare la zona in bicicletta o in moto, di giocare a calcio o a tennis nel campo situato nelle vicinanze, di fare una nuotata nelle piscine comunali del circondario, di rilassarvi nella Spa [&hellip;]<\/p>\n","protected":false},"author":1,"featured_media":0,"parent":0,"menu_order":0,"comment_status":"closed","ping_status":"closed","template":"","meta":[],"_links":{"self":[{"href":"https:\/\/casakembali.com\/it\/wp-json\/wp\/v2\/pages\/622"}],"collection":[{"href":"https:\/\/casakembali.com\/it\/wp-json\/wp\/v2\/pages"}],"about":[{"href":"https:\/\/casakembali.com\/it\/wp-json\/wp\/v2\/types\/page"}],"author":[{"embeddable":true,"href":"https:\/\/casakembali.com\/it\/wp-json\/wp\/v2\/users\/1"}],"replies":[{"embeddable":true,"href":"https:\/\/casakembali.com\/it\/wp-json\/wp\/v2\/comments?post=622"}],"version-history":[{"count":5,"href":"https:\/\/casakembali.com\/it\/wp-json\/wp\/v2\/pages\/622\/revisions"}],"predecessor-version":[{"id":765,"href":"https:\/\/casakembali.com\/it\/wp-json\/wp\/v2\/pages\/622\/revisions\/765"}],"wp:attachment":[{"href":"https:\/\/casakembali.com\/it\/wp-json\/wp\/v2\/media?parent=622"}],"curies":[{"name":"wp","href":"https:\/\/api.w.org\/{rel}","templated":true}]}}