{"id":628,"date":"2018-03-14T02:30:50","date_gmt":"2018-03-14T02:30:50","guid":{"rendered":"https:\/\/casakembali.com\/it\/?page_id=628"},"modified":"2020-10-06T21:29:27","modified_gmt":"2020-10-06T13:29:27","slug":"benvenuti","status":"publish","type":"page","link":"https:\/\/casakembali.com\/it\/benvenuti\/","title":{"rendered":"Benvenuti"},"content":{"rendered":"[vc_row][vc_column]\r\n\t\t<div class=\"about-item\">\r\n            <img src=\"https:\/\/casakembali.com\/it\/wp-content\/uploads\/2020\/10\/welcome.jpeg\" alt=\"Image\">\r\n            <div class=\"about-indicate\"><span class=\"btn-custom pull-left\">CASA KEMBALI<\/span><span class=\"btn-custom pull-right\">STRADA REZENDA 2, FONTANILE (AT) 14044 - ITALY<\/span>\r\n            <\/div>\r\n        <\/div>[\/vc_column][\/vc_row][vc_row][vc_column]<div class=\"title\"><h2 style=\"color:\" class=\"head-fancy\">Benvenuti<span> <\/span><\/h2><\/div>[\/vc_column][\/vc_row][vc_row][vc_column][vc_column_text]<\/p>\n<p>Kembali \u00e8 una parola speciale in Bahasa Indonesia. Significa &#8220;ritorno&#8221; ma anche &#8220;prego&#8221; come risposta educata al &#8220;grazie&#8221;.<\/p>\n<p>Abbiamo chiamato la nostra casa Casa Kembali\u00a0 in omaggio all&#8217;amore che abbiamo per l&#8217;Indonesia, dove trascorriamo lunghi periodi, e allo stesso tempo come auspicio di tornare prima o poi stabilmente nel Monferrato.<\/p>\n<p>Troverete uno stile europeo moderno contaminato con tocchi si stile etnico provenienti dal Sud-Est Asiatico e dall&#8217;Africa.<\/p>\n<p>Volevamo una casa pratica ed accogliente che potesse mantenere i segreti delle tante esperienze vissute in giro per il mondo, e che riflettesse il nostro intrinseco nomadismo.<\/p>\n<p>Rifugio per l&#8217;anima, Casa Kembali \u00e8 un luogo isolato e tranquillo dove la bellezza della vita pu\u00f2 essere riscoperta con semplicit\u00e0, senza artificio e senza additivi.<\/p>\n<h4><span style=\"color: #99cc00;\"><em>Casa nostra \u00e8 la vostra.<\/em><\/span>[\/vc_column_text][\/vc_column][\/vc_row][vc_row][vc_column][vc_column_text]<\/h4>\n\n\n<p><\/p>\n[\/vc_column_text][\/vc_column][\/vc_row]","protected":false},"excerpt":{"rendered":"<p>[vc_row][vc_column][\/vc_column][\/vc_row][vc_row][vc_column][\/vc_column][\/vc_row][vc_row][vc_column][vc_column_text] Kembali \u00e8 una parola speciale in Bahasa Indonesia. Significa &#8220;ritorno&#8221; ma anche &#8220;prego&#8221; come risposta educata al &#8220;grazie&#8221;. Abbiamo chiamato la nostra casa Casa Kembali\u00a0 in omaggio all&#8217;amore che abbiamo per l&#8217;Indonesia, dove trascorriamo lunghi periodi, e allo stesso tempo come auspicio di tornare prima o poi stabilmente nel Monferrato. Troverete uno stile europeo [&hellip;]<\/p>\n","protected":false},"author":1,"featured_media":0,"parent":0,"menu_order":0,"comment_status":"closed","ping_status":"closed","template":"","meta":[],"_links":{"self":[{"href":"https:\/\/casakembali.com\/it\/wp-json\/wp\/v2\/pages\/628"}],"collection":[{"href":"https:\/\/casakembali.com\/it\/wp-json\/wp\/v2\/pages"}],"about":[{"href":"https:\/\/casakembali.com\/it\/wp-json\/wp\/v2\/types\/page"}],"author":[{"embeddable":true,"href":"https:\/\/casakembali.com\/it\/wp-json\/wp\/v2\/users\/1"}],"replies":[{"embeddable":true,"href":"https:\/\/casakembali.com\/it\/wp-json\/wp\/v2\/comments?post=628"}],"version-history":[{"count":10,"href":"https:\/\/casakembali.com\/it\/wp-json\/wp\/v2\/pages\/628\/revisions"}],"predecessor-version":[{"id":1195,"href":"https:\/\/casakembali.com\/it\/wp-json\/wp\/v2\/pages\/628\/revisions\/1195"}],"wp:attachment":[{"href":"https:\/\/casakembali.com\/it\/wp-json\/wp\/v2\/media?parent=628"}],"curies":[{"name":"wp","href":"https:\/\/api.w.org\/{rel}","templated":true}]}}