{"id":898,"date":"2018-04-27T01:15:43","date_gmt":"2018-04-27T01:15:43","guid":{"rendered":"https:\/\/casakembali.com\/it\/?page_id=898"},"modified":"2018-05-01T00:54:01","modified_gmt":"2018-05-01T00:54:01","slug":"adatta-ai-nomadi-digitali","status":"publish","type":"page","link":"https:\/\/casakembali.com\/it\/adatta-ai-nomadi-digitali\/","title":{"rendered":"Adatta ai nomadi digitali"},"content":{"rendered":"<p>[vc_row][vc_column][vc_column_text]Casa Kembali \u00e8 il luogo perfetto i nomadi digitali.<\/p>\n<p>Bloggers, scrittori e online workers possono lavorare in un ambiente pacifico trovando la giusta concentrazione per i loro progetti. Il posto \u00e8 molto tranquillo: la piccola strada soprastante \u00e8 lontana dai rumori.<\/p>\n<p>Il Wifi \u00e8 molto veloce e ti permette di lavorare in autonomia sia dalla scrivania della camera Stella che in soggiorno o in veranda.[\/vc_column_text][\/vc_column][\/vc_row]<\/p>\n","protected":false},"excerpt":{"rendered":"<p>[vc_row][vc_column][vc_column_text]Casa Kembali \u00e8 il luogo perfetto i nomadi digitali. Bloggers, scrittori e online workers possono lavorare in un ambiente pacifico trovando la giusta concentrazione per i loro progetti. Il posto \u00e8 molto tranquillo: la piccola strada soprastante \u00e8 lontana dai rumori. Il Wifi \u00e8 molto veloce e ti permette di lavorare in autonomia sia dalla [&hellip;]<\/p>\n","protected":false},"author":1,"featured_media":0,"parent":0,"menu_order":0,"comment_status":"closed","ping_status":"closed","template":"","meta":[],"_links":{"self":[{"href":"https:\/\/casakembali.com\/it\/wp-json\/wp\/v2\/pages\/898"}],"collection":[{"href":"https:\/\/casakembali.com\/it\/wp-json\/wp\/v2\/pages"}],"about":[{"href":"https:\/\/casakembali.com\/it\/wp-json\/wp\/v2\/types\/page"}],"author":[{"embeddable":true,"href":"https:\/\/casakembali.com\/it\/wp-json\/wp\/v2\/users\/1"}],"replies":[{"embeddable":true,"href":"https:\/\/casakembali.com\/it\/wp-json\/wp\/v2\/comments?post=898"}],"version-history":[{"count":3,"href":"https:\/\/casakembali.com\/it\/wp-json\/wp\/v2\/pages\/898\/revisions"}],"predecessor-version":[{"id":941,"href":"https:\/\/casakembali.com\/it\/wp-json\/wp\/v2\/pages\/898\/revisions\/941"}],"wp:attachment":[{"href":"https:\/\/casakembali.com\/it\/wp-json\/wp\/v2\/media?parent=898"}],"curies":[{"name":"wp","href":"https:\/\/api.w.org\/{rel}","templated":true}]}}