{"id":902,"date":"2018-04-27T01:20:57","date_gmt":"2018-04-27T01:20:57","guid":{"rendered":"https:\/\/casakembali.com\/it\/?page_id=902"},"modified":"2018-05-01T01:05:01","modified_gmt":"2018-05-01T01:05:01","slug":"panorama-mozzafiato","status":"publish","type":"page","link":"https:\/\/casakembali.com\/it\/panorama-mozzafiato\/","title":{"rendered":"Panorama mozzafiato"},"content":{"rendered":"<p>[vc_row][vc_column][vc_column_text]Accomodatevi in veranda e respirate intensamente lasciandovi ispirare dalle dolci colline e dalle verdi vigne circostanti.<\/p>\n<p>Il paesaggio di fronte a voi \u00e8 decisamente straordinario, tanto che \u00e8 stato riconosciuto come Patrimonio Mondiale dell&#8217;Umanit\u00e0 dall&#8217;UNESCO nel 2014. Con il cielo sereno vedrete stagliarsi un arco alpino di tutto rispetto dove potete riconoscere sia il Monviso che il Monterosa.[\/vc_column_text][\/vc_column][\/vc_row]<\/p>\n","protected":false},"excerpt":{"rendered":"<p>[vc_row][vc_column][vc_column_text]Accomodatevi in veranda e respirate intensamente lasciandovi ispirare dalle dolci colline e dalle verdi vigne circostanti. Il paesaggio di fronte a voi \u00e8 decisamente straordinario, tanto che \u00e8 stato riconosciuto come Patrimonio Mondiale dell&#8217;Umanit\u00e0 dall&#8217;UNESCO nel 2014. Con il cielo sereno vedrete stagliarsi un arco alpino di tutto rispetto dove potete riconoscere sia il Monviso [&hellip;]<\/p>\n","protected":false},"author":1,"featured_media":0,"parent":0,"menu_order":0,"comment_status":"closed","ping_status":"closed","template":"","meta":[],"_links":{"self":[{"href":"https:\/\/casakembali.com\/it\/wp-json\/wp\/v2\/pages\/902"}],"collection":[{"href":"https:\/\/casakembali.com\/it\/wp-json\/wp\/v2\/pages"}],"about":[{"href":"https:\/\/casakembali.com\/it\/wp-json\/wp\/v2\/types\/page"}],"author":[{"embeddable":true,"href":"https:\/\/casakembali.com\/it\/wp-json\/wp\/v2\/users\/1"}],"replies":[{"embeddable":true,"href":"https:\/\/casakembali.com\/it\/wp-json\/wp\/v2\/comments?post=902"}],"version-history":[{"count":3,"href":"https:\/\/casakembali.com\/it\/wp-json\/wp\/v2\/pages\/902\/revisions"}],"predecessor-version":[{"id":943,"href":"https:\/\/casakembali.com\/it\/wp-json\/wp\/v2\/pages\/902\/revisions\/943"}],"wp:attachment":[{"href":"https:\/\/casakembali.com\/it\/wp-json\/wp\/v2\/media?parent=902"}],"curies":[{"name":"wp","href":"https:\/\/api.w.org\/{rel}","templated":true}]}}